{"id":69,"date":"2016-04-19T12:15:43","date_gmt":"2016-04-19T12:15:43","guid":{"rendered":"http:\/\/www.piotrlapinski.pl\/?page_id=69"},"modified":"2024-02-16T19:08:10","modified_gmt":"2024-02-16T18:08:10","slug":"home","status":"publish","type":"page","link":"https:\/\/www.piotrlapinski.pl\/","title":{"rendered":"Home"},"content":{"rendered":"<div class=\"wpb-content-wrapper\"><p>[vc_row full_width=&#8221;stretch_row&#8221; css=&#8221;.vc_custom_1461674469586{background-color: #27abb7 !important;}&#8221;][vc_column width=&#8221;1\/12&#8243;][\/vc_column][vc_column width=&#8221;5\/6&#8243; css=&#8221;.vc_custom_1461674735456{margin-top: 3.9em !important;margin-bottom: 2.1em !important;}&#8221;]<figure class=\"sc_image  alignleft sc_image_shape_square margin_top_null\" style=\"width:225px;\"><img decoding=\"async\" src=\"https:\/\/www.piotrlapinski.pl\/wp-content\/uploads\/2024\/02\/IMG_8264-Duzy-225x300.jpeg\" alt=\"\" \/><\/figure><div class=\"sc_section margin_left_tiny inverse_section\"><div class=\"sc_section_inner\"><h6 class=\"sc_section_subtitle sc_item_subtitle\">O mnie<\/h6><h1 class=\"sc_section_title sc_item_title\">Piotr \u0141api\u0144ski, lekarz psychiatra.<\/h1><div class=\"sc_section_descr sc_item_descr\">Lecz\u0119 depresj\u0119, schizofreni\u0119, zaburzenia nerwicowe, l\u0119kowe, zaburzenia snu, pami\u0119ci oraz inne.<\/div><div class=\"sc_section_content_wrap\"><\/div><\/div><\/div>[\/vc_column][\/vc_row]<\/p>\n<\/div>","protected":false},"excerpt":{"rendered":"<p>[vc_row full_width=&#8221;stretch_row&#8221; css=&#8221;.vc_custom_1461674469586{background-color: #27abb7 !important;}&#8221;][vc_column width=&#8221;1\/12&#8243;][\/vc_column][vc_column width=&#8221;5\/6&#8243; css=&#8221;.vc_custom_1461674735456{margin-top: 3.9em !important;margin-bottom: 2.1em !important;}&#8221;][\/vc_column][\/vc_row]<\/p>\n","protected":false},"author":1,"featured_media":0,"parent":0,"menu_order":0,"comment_status":"closed","ping_status":"closed","template":"","meta":{"footnotes":""},"class_list":["post-69","page","type-page","status-publish","hentry"],"aioseo_notices":[],"_links":{"self":[{"href":"https:\/\/www.piotrlapinski.pl\/index.php\/wp-json\/wp\/v2\/pages\/69","targetHints":{"allow":["GET"]}}],"collection":[{"href":"https:\/\/www.piotrlapinski.pl\/index.php\/wp-json\/wp\/v2\/pages"}],"about":[{"href":"https:\/\/www.piotrlapinski.pl\/index.php\/wp-json\/wp\/v2\/types\/page"}],"author":[{"embeddable":true,"href":"https:\/\/www.piotrlapinski.pl\/index.php\/wp-json\/wp\/v2\/users\/1"}],"replies":[{"embeddable":true,"href":"https:\/\/www.piotrlapinski.pl\/index.php\/wp-json\/wp\/v2\/comments?post=69"}],"version-history":[{"count":23,"href":"https:\/\/www.piotrlapinski.pl\/index.php\/wp-json\/wp\/v2\/pages\/69\/revisions"}],"predecessor-version":[{"id":993,"href":"https:\/\/www.piotrlapinski.pl\/index.php\/wp-json\/wp\/v2\/pages\/69\/revisions\/993"}],"wp:attachment":[{"href":"https:\/\/www.piotrlapinski.pl\/index.php\/wp-json\/wp\/v2\/media?parent=69"}],"curies":[{"name":"wp","href":"https:\/\/api.w.org\/{rel}","templated":true}]}}