{"id":300,"date":"2016-04-21T08:22:52","date_gmt":"2016-04-21T08:22:52","guid":{"rendered":"http:\/\/www.piotrlapinski.pl\/?page_id=300"},"modified":"2026-04-08T10:08:46","modified_gmt":"2026-04-08T08:08:46","slug":"kontakt","status":"publish","type":"page","link":"https:\/\/www.piotrlapinski.pl\/index.php\/kontakt\/","title":{"rendered":"Kontakt"},"content":{"rendered":"<div class=\"wpb-content-wrapper\">[vc_row full_width=&#8221;stretch_row_content_no_spaces&#8221;][vc_column]<div id=\"sc_googlemap_1292096623\" class=\"sc_googlemap margin_right_null\" style=\"width:100%;height:385px;\" data-zoom=\"15\" data-style=\"default\"><iframe src=\"https:\/\/maps.google.com\/maps?t=m&output=embed&iwloc=near&z=15&q=Marii+Sk%C5%82odowskiej-Curie+3%2C+Bia%C5%82ystok\" scrolling=\"no\" marginheight=\"0\" marginwidth=\"0\" frameborder=\"0\"\r\n                    aria-label=\"\"><\/iframe><\/div>[\/vc_column][\/vc_row][vc_row css=&#8221;.vc_custom_1461238143382{padding-bottom: 1.4em !important;}&#8221;][vc_column]<div class=\"sc_section margin_top_medium margin_bottom_large\"><div class=\"sc_section_inner\"><div class=\"sc_section_content_wrap\">[vc_column_text css=&#8221;&#8221;]<span style=\"text-decoration: underline;\"><strong>Przerwa urlopowa 20 &#8211; 26.04.2026. Kontakt ze mn\u0105 b\u0119dzie niemo\u017cliwy.<\/strong><\/span>\n\nUWAGA: Od 01.01.2026 wydanie za\u015bwiadczenia (do zus, cel\u00f3w rentowych, orzekania o niepe\u0142nosprawno\u015bci, za\u015bwiadczenia e-ZLA czy innych) b\u0119dzie dodatkowo p\u0142atne 50z\u0142 do kosztu wizyty.\n\nJe\u015bli mi\u0119dzy wizytami pacjenta up\u0142ynie wi\u0119cej ni\u017c 6 miesi\u0119cy, pacjent umawiaj\u0105c si\u0119 ponownie, musi um\u00f3wi\u0107 wizyt\u0119 pierwszorazow\u0105, co wynika z konieczno\u015bci po\u015bwi\u0119cenia wi\u0119kszej ilo\u015bci czasu i uwagi po przerwie w leczeniu.\n\nProsz\u0119 zwr\u00f3ci\u0107 uwag\u0119, \u017ceby podczas rezerwacji zawsze odpowiednio wybra\u0107 2 rzeczy:\n1. Us\u0142ug\u0119 (wizyta pierwsza czy kolejna, online czy stacjonarnie).\n2. Odpowiedzie\u0107 na pytanie &#8222;Czy to Twoja pierwsza wizyta u tego specjalisty?&#8221; wybra\u0107 tak lub nie. To pytanie dotyczy tylko obecnej plac\u00f3wki (gabinetu prywatnego).\n\nKa\u017cda pr\u00f3ba &#8222;oszukania systemu&#8221;, &#8222;wepchni\u0119cia si\u0119&#8221;, celowego nieodpowiedniego wybrania us\u0142ugi, \u017ceby uzyska\u0107 szybszy termin, zaskutkuje tylko utraceniem przez Pa\u0144stwa wp\u0142aconych pieni\u0119dzy z racji na nieuzasadnione zablokowanie grafiku, nie wp\u0142ynie to w \u017caden spos\u00f3b na skr\u00f3cenie czasu oczekiwania na wizyt\u0119.\nW razie w\u0105tpliwo\u015bci prosz\u0119 o wiadomo\u015b\u0107 prywatn\u0105 w serwisie znanylekarz, zanim pa\u0144stwo dokonaj\u0105 rezerwacji. Do\u015b\u0107 sprawnie odpisuj\u0119 na wiadomo\u015bci.\n\nWizyty s\u0105 umawiane wy\u0142\u0105cznie poprzez znanylekarz.pl i nale\u017cy je op\u0142aci\u0107 w ci\u0105gu 30min za pomoc\u0105 ich systemu p\u0142atno\u015bci\/poda\u0107 dane karty do preautoryzacji, w przeciwnym razie wizyta nie zostanie skutecznie zarezerwowana i system automatycznie j\u0105 odwo\u0142a. Jest mo\u017cliwo\u015b\u0107 odwo\u0142ania um\u00f3wionej wizyty ju\u017c op\u0142aconej, ale najp\u00f3\u017aniej do 24h przed jej rozpocz\u0119ciem, wtedy otrzymacie Pa\u0144stwo zwrot wp\u0142aconej kwoty pomniejszony o prowizj\u0119 operatora p\u0142atno\u015bci (Autopay) lub w przypadku preautoryzacji karta nie zostanie obci\u0105\u017cona. Mo\u017cna samodzielnie zmienia\u0107 terminy wizyt.\n\nNowych pacjent\u00f3w prosz\u0119, aby podczas procesu rezerwacji zwr\u00f3cili szczeg\u00f3ln\u0105 uwag\u0119, by wybra\u0107 us\u0142ug\u0119 &#8212;Konsultacja psychiatryczna (pierwsza wizyta)&#8212;. W przypadku pomy\u0142ki i zarezerwowania przez nowego pacjenta dwudziestominutowej konsultacji &#8222;kolejnej&#8221; wizyta ta nie odb\u0119dzie si\u0119 i nie zostan\u0105 zwr\u00f3cone zap\u0142acone pieni\u0105dze.\n\nJe\u015bli um\u00f3wicie si\u0119 Pa\u0144stwo mniej ni\u017c 24h przed rozpocz\u0119ciem wizyty, nie ma mo\u017cliwo\u015bci otrzymania zwrotu pieni\u0119dzy\/cofni\u0119cia obci\u0105\u017cenia karty.\n\nKa\u017cda pr\u00f3ba &#8222;oszukania systemu&#8221;, &#8222;wepchni\u0119cia si\u0119&#8221;, celowego nieodpowiedniego wybrania us\u0142ugi, \u017ceby uzyska\u0107 szybszy termin, zaskutkuje tylko utraceniem przez Pa\u0144stwa wp\u0142aconych pieni\u0119dzy z racji na nieuzasadnione zablokowanie grafiku, nie wp\u0142ynie to w \u017caden spos\u00f3b na skr\u00f3cenie czasu oczekiwania na wizyt\u0119. W razie w\u0105tpliwo\u015bci prosz\u0119 o wiadomo\u015b\u0107 prywatn\u0105 w serwisie znanylekarz, zanim pa\u0144stwo dokonaj\u0105 rezerwacji. Do\u015b\u0107 sprawnie odpisuj\u0119 na wiadomo\u015bci.\n\nKoszt pierwszej wizyty 450z\u0142 (tylko stacjonarnie).\n\nWizyta kolejna stacjonarnie 250z\u0142, zdalnie 300z\u0142.\n\nKonsultacja w j\u0119zyku angielskim: 450z\u0142.\n\nKonsultacje zdalne realizuj\u0119 za pomoc\u0105 Whatsapp lub telefonicznie, nie ma mo\u017cliwo\u015bci po\u0142\u0105czenia si\u0119 przez Facetime. Przyjmuj\u0119 zar\u00f3wno w gabinecie, jak i online (online tylko kolejne wizyty).\n\nCeni\u0119 sobie punktualno\u015b\u0107, w przypadku sp\u00f3\u017anienia pacjenta czas wizyty nie ulegnie wyd\u0142u\u017ceniu.\n\nNr konta do wp\u0142at 78 1090 2590 0000 0001 4473 6949\n\nNr telefonu do przelewu BLIK na telefon : 696 346 000\n\nENGLISH:&nbsp; Consultations in English are available. To schedule an appointment visit my profile at znanylekarz.pl and choose &#8222;Psychiatric consultation in English (first visit)&#8221;.\n\nUp-front payment is required. The fee for the first consultation is 450 PLN. In case of any questions contact me via email info@piotrlapinski.pl or in the contact form below.\n\nGabinet znajduje si\u0119 na III pi\u0119trze, budynek nie jest wyposa\u017cony w wind\u0119.\nWej\u015bcie g\u0142\u00f3wne do budynku znajduje si\u0119 na rogu ulic Sk\u0142odowskiej i Legionowej od strony szpitali i kina Forum. Jest to dawny budynek zwi\u0105zk\u00f3w zawodowych.\nWok\u00f3\u0142 budynku obowi\u0105zuje strefa p\u0142atnego parkowania (strefa A p\u0142atny parking Pn-Pt do godz. 9:00- 17:00).\nCz\u0119sto brakuje publicznych miejsc parkingowych &#8211; prosz\u0119 koniecznie przyby\u0107 z zapasem czasowym lub komunikacj\u0105 miejsk\u0105 \/ taks\u00f3wk\u0105.\nW pobli\u017cu znajduje si\u0119 p\u0142atny parking, gdzie zazwyczaj s\u0105 miejsca.\nhttps:\/\/maps.app.goo.gl\/Suwj1N9iZjsybLgL8\nW aplikacji parkingowej (Skycash Mobiparking i inne) mo\u017cna go znale\u017a\u0107 pod has\u0142em: Parking Green Parking Sklep Central Sk\u0142odowskiej 2\/1[\/vc_column_text][vc_raw_html]JTNDYSUyMGlkJTNEJTIyemwtdXJsJTIyJTIwY2xhc3MlM0QlMjJ6bC11cmwlMjIlMjBocmVmJTNEJTIyaHR0cHMlM0ElMkYlMkZ3d3cuem5hbnlsZWthcnoucGwlMkZwaW90ci1sYXBpbnNraSUyRnBzeWNoaWF0cmElMkZiaWFseXN0b2slMjIlMjByZWwlM0QlMjJub2ZvbGxvdyUyMiUyMGRhdGEtemx3LWRvY3RvciUzRCUyMnBpb3RyLWxhcGluc2tpJTIyJTIwZGF0YS16bHctdHlwZSUzRCUyMmJpZ193aXRoX2NhbGVuZGFyJTIyJTIwZGF0YS16bHctb3BpbmlvbiUzRCUyMmZhbHNlJTIyJTIwZGF0YS16bHctaGlkZS1icmFuZGluZyUzRCUyMnRydWUlMjIlM0VQaW90ciUyMCVDNSU4MWFwaSVDNSU4NHNraSUyMC0lMjBabmFueUxla2Fyei5wbCUzQyUyRmElM0UlM0NzY3JpcHQlM0UlMjFmdW5jdGlvbiUyOCUyNF94JTJDX3MlMkNpZCUyOSU3QnZhciUyMGpzJTJDZmpzJTNEJTI0X3guZ2V0RWxlbWVudHNCeVRhZ05hbWUlMjhfcyUyOSU1QjAlNUQlM0JpZiUyOCUyMSUyNF94LmdldEVsZW1lbnRCeUlkJTI4aWQlMjklMjklN0JqcyUyMCUzRCUyMCUyNF94LmNyZWF0ZUVsZW1lbnQlMjhfcyUyOSUzQmpzLmlkJTIwJTNEJTIwaWQlM0Jqcy5zcmMlMjAlM0QlMjAlMjIlMkYlMkZwbGF0Zm9ybS5kb2NwbGFubmVyLmNvbSUyRmpzJTJGd2lkZ2V0LmpzJTIyJTNCZmpzLnBhcmVudE5vZGUuaW5zZXJ0QmVmb3JlJTI4anMlMkNmanMlMjklM0IlN0QlN0QlMjhkb2N1bWVudCUyQyUyMnNjcmlwdCUyMiUyQyUyMnpsLXdpZGdldC1zJTIyJTI5JTNCJTNDJTJGc2NyaXB0JTNF[\/vc_raw_html]<div  id=\"sc_form_1231770603_wrap\" class=\"sc_form_wrap\"><div  id=\"sc_form_1231770603\" class=\"sc_form sc_form_style_form_2 margin_bottom_large\">        <div class=\"sc_columns columns_wrap\">\n            <div class=\"sc_form_fields column-4_12 offset-2_12\">\n                <form  id=\"sc_form_1231770603_form\" data-formtype=\"form_2\" method=\"post\" action=\"https:\/\/www.piotrlapinski.pl\/wp-admin\/admin-ajax.php\">\n                                        <h6 class=\"sc_form_subtitle\"><\/h6>\n                    <h3 class=\"sc_form_title\">Skontaktuj si\u0119<\/h3>\n                    <div class=\"sc_form_info sc_columns\">\n                        <div class=\"sc_form_item sc_form_field label_over column-1_2\"><label class=\"required\" for=\"sc_form_username\">Name<\/label><input id=\"sc_form_username\" type=\"text\" name=\"username\" placeholder=\"Twoje imi\u0119\"><\/div>\n                        <div class=\"sc_form_item sc_form_field label_over column-1_2\"><label class=\"required\" for=\"sc_form_email\">E-mail<\/label><input id=\"sc_form_email\" type=\"text\" name=\"email\" placeholder=\"Tw\u00f3j adres e-mail\"><\/div>\n                    <\/div>\n                    <div class=\"sc_form_item sc_form_message label_over\"><label class=\"required\" for=\"sc_form_message\">Message<\/label><textarea id=\"sc_form_message\" name=\"message\" placeholder=\"Tre\u015b\u0107 wiadomo\u015bci\"><\/textarea><\/div>\n                    <div class=\"sc_form_item sc_form_field_checkbox\"><input type=\"checkbox\" id=\"i_agree_privacy_policy_sc_form_2\" name=\"i_agree_privacy_policy\" class=\"sc_form_privacy_checkbox\" value=\"1\">\n                        <label for=\"i_agree_privacy_policy_sc_form_2\">Zgadzam si\u0119 na przes\u0142anie i przechowywanie podanych wy\u017cej danych.<\/label>\n                        <\/div><div class=\"sc_form_item sc_form_button\"><button class=\"sc_button sc_button_square sc_button_style_filled sc_button_size_large\"  disabled=\"disabled\" >Wy\u015blij wiadomo\u015b\u0107<\/button>\n                    <\/div>\n                    <div class=\"result sc_infobox\"><\/div>\n\n                <\/form>\n            <\/div><div class=\"sc_form_address column-1_3 offset-1_12\">\n                <h6 class=\"sc_form_subtitle\"><\/h6>\n                <h3 class=\"sc_form_title\">Adres<\/h3>\n                <div class=\"sc_form_address_field\">\n                    <span class=\"sc_form_address_label\">Lokalizacja<\/span>\n                    <span class=\"sc_form_address_data\">ul. M. Curie - Sk\u0142odowskiej 3 lok. 110 (trzecie pi\u0119tro) 15-094 Bia\u0142ystok<\/span>\n                <\/div>\n                <div class=\"sc_form_address_field phone\">\n                    <span class=\"sc_form_address_label\">Telefon:<\/span>\n                    <span class=\"sc_form_address_data\"><a href=\"tel:696 346 000\">696 346 000<\/a><\/span>\n                <\/div>\n                <div class=\"sc_form_address_field\">\n                    <span class=\"sc_form_address_label\">E-mail:<\/span>\n                    <span class=\"sc_form_address_data mail\"><a href=\"mailto:&#105;&#110;&#102;&#111;&#64;p&#105;&#111;&#116;r&#108;&#97;pi&#110;&#115;&#107;i.pl\">info@piotrlapinski.pl<\/a><\/span>\n                <\/div>\n            <\/div>\n        <\/div>\n\t\t<\/div><\/div><\/div><\/div><\/div>[\/vc_column][\/vc_row][vc_row][vc_column][vc_column_text][\/vc_column_text][\/vc_column][\/vc_row]<!-- \/wp:post-content --><\/div>","protected":false},"excerpt":{"rendered":"<p>[vc_row full_width=&#8221;stretch_row_content_no_spaces&#8221;][vc_column][\/vc_column][\/vc_row][vc_row css=&#8221;.vc_custom_1461238143382{padding-bottom: 1.4em !important;}&#8221;][vc_column][\/vc_column][\/vc_row][vc_row][vc_column][vc_column_text][\/vc_column_text][\/vc_column][\/vc_row]<\/p>\n","protected":false},"author":1,"featured_media":0,"parent":0,"menu_order":0,"comment_status":"closed","ping_status":"closed","template":"","meta":{"footnotes":""},"class_list":["post-300","page","type-page","status-publish","hentry"],"aioseo_notices":[],"_links":{"self":[{"href":"https:\/\/www.piotrlapinski.pl\/index.php\/wp-json\/wp\/v2\/pages\/300","targetHints":{"allow":["GET"]}}],"collection":[{"href":"https:\/\/www.piotrlapinski.pl\/index.php\/wp-json\/wp\/v2\/pages"}],"about":[{"href":"https:\/\/www.piotrlapinski.pl\/index.php\/wp-json\/wp\/v2\/types\/page"}],"author":[{"embeddable":true,"href":"https:\/\/www.piotrlapinski.pl\/index.php\/wp-json\/wp\/v2\/users\/1"}],"replies":[{"embeddable":true,"href":"https:\/\/www.piotrlapinski.pl\/index.php\/wp-json\/wp\/v2\/comments?post=300"}],"version-history":[{"count":190,"href":"https:\/\/www.piotrlapinski.pl\/index.php\/wp-json\/wp\/v2\/pages\/300\/revisions"}],"predecessor-version":[{"id":1109,"href":"https:\/\/www.piotrlapinski.pl\/index.php\/wp-json\/wp\/v2\/pages\/300\/revisions\/1109"}],"wp:attachment":[{"href":"https:\/\/www.piotrlapinski.pl\/index.php\/wp-json\/wp\/v2\/media?parent=300"}],"curies":[{"name":"wp","href":"https:\/\/api.w.org\/{rel}","templated":true}]}}